{"id":2152,"date":"2023-05-18T11:35:08","date_gmt":"2023-05-18T09:35:08","guid":{"rendered":"https:\/\/kamefilms.com\/aviso-legal\/"},"modified":"2023-08-23T10:23:08","modified_gmt":"2023-08-23T08:23:08","slug":"avis-legal","status":"publish","type":"page","link":"https:\/\/kamefilms.com\/ca\/avis-legal\/","title":{"rendered":"Av\u00eds legal"},"content":{"rendered":"\t\t<div data-elementor-type=\"wp-page\" data-elementor-id=\"2152\" class=\"elementor elementor-2152 elementor-478\" data-elementor-post-type=\"page\">\n\t\t\t\t<div class=\"elementor-element elementor-element-5c9c29b e-flex e-con-boxed e-con e-parent\" data-id=\"5c9c29b\" data-element_type=\"container\">\n\t\t\t\t\t<div class=\"e-con-inner\">\n\t\t\t\t<div class=\"elementor-element elementor-element-9529cdb elementor-widget elementor-widget-heading\" data-id=\"9529cdb\" data-element_type=\"widget\" data-widget_type=\"heading.default\">\n\t\t\t\t<div class=\"elementor-widget-container\">\n\t\t\t\t\t<h1 class=\"elementor-heading-title elementor-size-default\">Av\u00eds legal<\/h1>\t\t\t\t<\/div>\n\t\t\t\t<\/div>\n\t\t\t\t<div class=\"elementor-element elementor-element-92df44f elementor-widget elementor-widget-text-editor\" data-id=\"92df44f\" data-element_type=\"widget\" data-widget_type=\"text-editor.default\">\n\t\t\t\t<div class=\"elementor-widget-container\">\n\t\t\t\t\t\t\t\t\t<p><b>PROPIETAT DEL LLOC WEB I EL SEU CONTINGUT<\/b><\/p>\n<p>Bernardo Marcos Rocaford amb NIF 53293911J i Victor Mallol Parellada amb NIF 53294619P (d&#8217;ara endavant, KAME FILMS), informa els usuaris de les condicions d&#8217;acc\u00e9s i \u00fas del lloc web http:\/\/www.kamefilms.com, del que \u00e9s titular.<\/p>\n<p>L&#8217;acc\u00e9s i la utilitzaci\u00f3 de qualsevol p\u00e0gina web titularitat de KAME FILMS comporta la plena acceptaci\u00f3 i sense reserves per part de l&#8217;usuari d&#8217;aquestes condicions generals d&#8217;acc\u00e9s i \u00fas vigents a cada moment en qu\u00e8 l&#8217;usuari hi accedeixi. Per tant, aquestes condicions generals regulen l&#8217;acc\u00e9s i \u00fas de les p\u00e0gines web que KAME FILMS posa a disposici\u00f3 dels usuaris d&#8217;Internet de forma gratu\u00efta.<\/p>\n<p>Quan accediu a les p\u00e0gines web de KAME FILMS, l&#8217;usuari confirma haver llegit aquest av\u00eds legal.<\/p>\n<p><\/p>\n<p><b>COPYRIGHT<\/b><\/p>\n<p>Les p\u00e0gines web de KAME FILMS es regeixen per les lleis espanyoles i estan protegides per la legislaci\u00f3 nacional i internacional sobre propietat intel\u00b7lectual i industrial.<\/p>\n<p>Els drets de propietat intel\u00b7lectual i industrial sobre tota la informaci\u00f3 continguda a les p\u00e0gines web de KAME FILMS, entre d&#8217;altres, disseny gr\u00e0fic, dibuixos, logotips, imatges, \u00edndexs, textos, \u00e0udios, v\u00eddeos, programari, disseny i signes identificatius, aix\u00ed com els seus codis font, estructura de navegaci\u00f3, bases de dades i tots els elements continguts s\u00f3n titularitat de KAME FILMS, excepte aquells continguts que pertanyen a tercers als quals l&#8217;usuari pot accedir mitjan\u00e7ant hipervincles.<\/p>\n<p>En cap cas l&#8217;acc\u00e9s i l&#8217;\u00fas de les p\u00e0gines web de KAME FILMS per part dels usuaris es podr\u00e0 considerar com a concessi\u00f3 de llic\u00e8ncia d&#8217;\u00fas o dret a cap actiu de KAME FILMS o dels seus autors leg\u00edtims i, per tant, no implicar\u00e0 cessi\u00f3, ni transmissi\u00f3 o qualsevol tipus de ren\u00fancia de drets de propietat intel\u00b7lectual i\/o industrial.<\/p>\n<p>Correspon a KAME FILMS l&#8217;exercici exclusiu dels drets d&#8217;explotaci\u00f3 dels continguts de les p\u00e0gines web en qualsevol forma i, en especial, els drets de reproducci\u00f3, distribuci\u00f3, comunicaci\u00f3 p\u00fablica i transformaci\u00f3.<\/p>\n<p>Queda prohibida qualsevol reproducci\u00f3, c\u00f2pia, distribuci\u00f3, transformaci\u00f3, publicaci\u00f3 i qualsevol altra activitat que es pugui dur a terme amb la informaci\u00f3 continguda a les p\u00e0gines web de KAME FILMS, aix\u00ed com amb el disseny, la selecci\u00f3 i el model de presentaci\u00f3 dels materials que incloguin, per a qualsevol finalitat i amb qualsevol mitj\u00e0 utilitzat, sense lautoritzaci\u00f3 expressa de KAME FILMS o del seu leg\u00edtim autor.<\/p>\n<p>La utilitzaci\u00f3 no autoritzada de la informaci\u00f3 continguda a les p\u00e0gines web de KAME FILMS, la modificaci\u00f3 o supressi\u00f3 de dades, aix\u00ed com la lesi\u00f3 dels drets de propietat intel\u00b7lectual o industrial de KAME FILMS donar\u00e0 lloc a les responsabilitats establertes legalment.<\/p>\n<p><\/p>\n<p><b>EXONERACI\u00d3 DE RESPONSABILITAT<\/b><\/p>\n<p>Tots els usuaris d&#8217;aquestes p\u00e0gines web actuen sota el seu propi risc i, en accedir-hi, accepten utilitzar-les d&#8217;acord amb les lleis i els usos de tr\u00e0nsit. Per tant, hauran de respondre davant de KAME FILMS o altres empreses per qualsevol dany que es pugui haver produ\u00eft com a conseq\u00fc\u00e8ncia d&#8217;un incompliment d&#8217;aquestes obligacions.<\/p>\n<p>Tant l&#8217;acc\u00e9s a les p\u00e0gines web de KAME FILMS com l&#8217;\u00fas que pugueu fer de la informaci\u00f3 que continguin \u00e9s responsabilitat exclusiva dels usuaris. KAME FILMS no respondr\u00e0 de cap conseq\u00fc\u00e8ncia, dany o perjudici que pugui derivar de l&#8217;acc\u00e9s a aquesta informaci\u00f3 o del seu \u00fas.<\/p>\n<p>KAME FILMS no es responsabilitza dels possibles errors de seguretat que es puguin produir ni de qualsevol dany o perjudici que es pugui causar al sistema inform\u00e0tic de l&#8217;usuari, els fitxers o documents que hagin emmagatzemat com a conseq\u00fc\u00e8ncia de l&#8217;acc\u00e9s a les p\u00e0gines web de KAME FILMS o \u00fas d&#8217;informaci\u00f3 o aplicacions que continguin.<\/p>\n<p>KAME FILMS no assumeix cap responsabilitat derivada de la concessi\u00f3 dels enlla\u00e7os de tercers o dels seus continguts a qu\u00e8 fa refer\u00e8ncia les seves p\u00e0gines web o que terceres parts hagin incl\u00f2s en els hipervincles. L&#8217;establiment de l&#8217;hipervincle no implica en cap cas l&#8217;exist\u00e8ncia de relacions entre KAME FILMS i el propietari de la p\u00e0gina web on s&#8217;estableixi, com tampoc l&#8217;acceptaci\u00f3 i l&#8217;aprovaci\u00f3 dels continguts o dels serveis que s&#8217;ofereixin. Aix\u00ed mateix, KAME FILMS no garanteix l&#8217;abs\u00e8ncia de virus o d&#8217;altres elements que puguin produir alteracions al sistema inform\u00e0tic, els documents o els fitxers de l&#8217;usuari, i exclou qualsevol responsabilitat pels danys de qualsevol classe causats a l&#8217;usuari derivats de l&#8217;acc\u00e9s a aquests enlla\u00e7os de tercers.<\/p>\n<p><\/p>\n<p><b>FORMAT I CANVIS A L&#8217;AV\u00cdS LEGAL<\/b><\/p>\n<p>KAME FILMS no garanteix la idone\u00eftat, la fiabilitat, la disponibilitat, l&#8217;oportunitat o l&#8217;exactitud d&#8217;informaci\u00f3 o serveis continguts a les seves p\u00e0gines web, que es podran actualitzar, modificar o eliminar sense av\u00eds previ, respectant, en tot cas, les previsions legals de informaci\u00f3.<\/p>\n<p>KAME FILMS es reserva, sense necessitat de previ av\u00eds i en qualsevol moment, el dret a suspendre&nbsp;temporalment lacc\u00e9s a les seves p\u00e0gines web ia efectuar les modificacions que consideri oportunes de les p\u00e0gines, els serveis o les informacions ofertes, de la seva presentaci\u00f3 o localitzaci\u00f3, i de les condicions generals dacc\u00e9s i \u00fas.<\/p>\n<p><\/p>\n<p><b>PROTECCI\u00d3 DE DADES<\/b><\/p>\n<p>KAME FILMS com a titular de les seves p\u00e0gines web, informa els usuaris que no recull dades personals dels usuaris.<\/p>\n<p><\/p>\n<p><b>LEGISLACI\u00d3 APLICABLE<\/b><\/p>\n<p>Totes les q\u00fcestions relatives a les p\u00e0gines web de KAME FILMS es regiran per la legislaci\u00f3 espanyola. KAME FILMS i els usuaris, amb ren\u00fancia expressa a qualsevol altre fur, se sotmeten a la jurisdicci\u00f3 dels jutjats i els tribunals de Barcelona.<\/p>\n<p>Tota la informaci\u00f3 que es rebi a les p\u00e0gines web de KAME FILMS es considerar\u00e0 cedida a KAME FILMS a t\u00edtol gratu\u00eft.<\/p>\n<p>Es podr\u00e0 fer la presentaci\u00f3 de qualsevol reclamaci\u00f3, consulta o suggeriment a trav\u00e9s del mail de contacte info@kamefilms.com<\/p>\t\t\t\t\t\t\t\t<\/div>\n\t\t\t\t<\/div>\n\t\t\t\t\t<\/div>\n\t\t\t\t<\/div>\n\t\t\t\t<\/div>\n\t\t","protected":false},"excerpt":{"rendered":"<p>PROPIETAT DEL LLOC WEB I EL SEU CONTINGUT Bernardo Marcos Rocaford amb NIF 53293911J i Victor Mallol Parellada amb NIF 53294619P (d&#8217;ara endavant, KAME FILMS), informa els usuaris de les condicions d&#8217;acc\u00e9s i \u00fas del lloc web http:\/\/www.kamefilms.com, del que \u00e9s titular. L&#8217;acc\u00e9s i la utilitzaci\u00f3 de qualsevol p\u00e0gina web titularitat de KAME FILMS comporta [&hellip;]<\/p>\n","protected":false},"author":1,"featured_media":0,"parent":0,"menu_order":0,"comment_status":"closed","ping_status":"closed","template":"","meta":{"iawp_total_views":2,"footnotes":""},"class_list":["post-2152","page","type-page","status-publish","hentry"],"_links":{"self":[{"href":"https:\/\/kamefilms.com\/ca\/wp-json\/wp\/v2\/pages\/2152","targetHints":{"allow":["GET"]}}],"collection":[{"href":"https:\/\/kamefilms.com\/ca\/wp-json\/wp\/v2\/pages"}],"about":[{"href":"https:\/\/kamefilms.com\/ca\/wp-json\/wp\/v2\/types\/page"}],"author":[{"embeddable":true,"href":"https:\/\/kamefilms.com\/ca\/wp-json\/wp\/v2\/users\/1"}],"replies":[{"embeddable":true,"href":"https:\/\/kamefilms.com\/ca\/wp-json\/wp\/v2\/comments?post=2152"}],"version-history":[{"count":0,"href":"https:\/\/kamefilms.com\/ca\/wp-json\/wp\/v2\/pages\/2152\/revisions"}],"wp:attachment":[{"href":"https:\/\/kamefilms.com\/ca\/wp-json\/wp\/v2\/media?parent=2152"}],"curies":[{"name":"wp","href":"https:\/\/api.w.org\/{rel}","templated":true}]}}