{"id":2129,"date":"2023-05-25T11:14:58","date_gmt":"2023-05-25T09:14:58","guid":{"rendered":"https:\/\/kamefilms.com\/politica-de-cookies-2\/"},"modified":"2023-08-23T10:12:24","modified_gmt":"2023-08-23T08:12:24","slug":"politica-de-cookies","status":"publish","type":"page","link":"https:\/\/kamefilms.com\/ca\/politica-de-cookies\/","title":{"rendered":"Pol\u00edtica de Cookies"},"content":{"rendered":"\t\t<div data-elementor-type=\"wp-page\" data-elementor-id=\"2129\" class=\"elementor elementor-2129 elementor-603\" data-elementor-post-type=\"page\">\n\t\t\t\t<div class=\"elementor-element elementor-element-553e875 e-flex e-con-boxed e-con e-parent\" data-id=\"553e875\" data-element_type=\"container\">\n\t\t\t\t\t<div class=\"e-con-inner\">\n\t\t\t\t<div class=\"elementor-element elementor-element-262b046 elementor-widget elementor-widget-heading\" data-id=\"262b046\" data-element_type=\"widget\" data-widget_type=\"heading.default\">\n\t\t\t\t<div class=\"elementor-widget-container\">\n\t\t\t\t\t<h1 class=\"elementor-heading-title elementor-size-default\">Pol\u00edtica de Cookies<\/h1>\t\t\t\t<\/div>\n\t\t\t\t<\/div>\n\t\t\t\t<div class=\"elementor-element elementor-element-2e36676 elementor-widget elementor-widget-text-editor\" data-id=\"2e36676\" data-element_type=\"widget\" data-widget_type=\"text-editor.default\">\n\t\t\t\t<div class=\"elementor-widget-container\">\n\t\t\t\t\t\t\t\t\t<p>KAME FILMS a trav\u00e9s del present document, informa de la seva pol\u00edtica de recollida i tractament de cookies, en compliment del que disposa l&#8217;article 22.2 de la Llei 34\/2002, d&#8217;11 de juliol, de serveis de la societat de la informaci\u00f3 i de Comer\u00e7 Electr\u00f2nic (LSSI-CE).<\/p><p>Les cookies s&#8217;emmagatzemen a l&#8217;equip terminal de l&#8217;usuari (ordinador o dispositiu m\u00f2bil) i recopilen informaci\u00f3 en visitar la p\u00e0gina web <a href=\"https:\/\/kamefilms.com\">www.kamefilms.com<\/a>, amb la finalitat de millorar-ne la usabilitat, con\u00e8ixer els h\u00e0bits o necessitats de navegaci\u00f3 dels usuaris per poder adaptar-s&#8217;hi, aix\u00ed com obtenir informaci\u00f3 amb fins estad\u00edstiques. En el cas dels usuaris que ja siguin clients de KAME FILMS, la informaci\u00f3 recollida mitjan\u00e7ant les cookies servir\u00e0 tamb\u00e9 per a la seva identificaci\u00f3 en accedir a les diferents eines que KAME FILMS, posa a la vostra disposici\u00f3 per a la gesti\u00f3 dels serveis.<\/p><p>Aquesta pol\u00edtica de cookies ser\u00e0 aplicable per als usuaris que volunt\u00e0riament visitin les p\u00e0gines web de KAME FILMS, omplin formularis de recollida de dades, accedeixin a les eines que KAME FILMS posa a disposici\u00f3 dels seus clients per gestionar els seus serveis, o utilitzin qualsevol altre servei present al lloc web que impliqui la comunicaci\u00f3 de dades a KAME FILMS, o l&#8217;acc\u00e9s a dades per part de KAME FILMS per a la prestaci\u00f3 dels seus serveis.<\/p><p>KAME FILMS informa els usuaris de les seves p\u00e0gines web de l&#8217;exist\u00e8ncia de cookies i posa a la vostra disposici\u00f3 aquesta pol\u00edtica amb la finalitat d&#8217;informar-los sobre l&#8217;\u00fas i l&#8217;objecte d&#8217;aquestes. Continuar la navegaci\u00f3 a trav\u00e9s de les p\u00e0gines suposa el coneixement i l&#8217;acceptaci\u00f3 de la present pol\u00edtica per part d&#8217;aquests usuaris.<\/p><p>KAME FILMS utilitza els seg\u00fcents tipus de cookies:<\/p><p><b>Classificades segons la titularitat:<\/b><\/p><p>Cookies pr\u00f2pies: enviades i gestionades directament per KAME FILMS<br \/>Galetes de tercers: enviades i gestionades per un tercer ali\u00e8 a KAME FILMS, de forma an\u00f2nima, amb la finalitat de realitzar estudis estad\u00edstics de navegaci\u00f3 per les p\u00e0gines web de KAME FILMS.<\/p><p><b>Classificades segons la finalitat:<\/b><\/p><p>Galetes t\u00e8cniques i\/o de personalitzaci\u00f3: faciliten la navegaci\u00f3 en identificar la sessi\u00f3, permeten l&#8217;acc\u00e9s a eines d&#8217;acc\u00e9s restringit, a m\u00e9s de configurar a mida les opcions disponibles. Possibiliten la prestaci\u00f3 del servei sol\u00b7licitat pr\u00e8viament per lusuari.<br \/>Cookies d&#8217;an\u00e0lisi i\/o publicitat: permeten con\u00e8ixer el nombre de visites rebudes a les diferents seccions de les p\u00e0gines web, els h\u00e0bits i tend\u00e8ncies dels seus usuaris i, en conseq\u00fc\u00e8ncia, poder millorar la navegaci\u00f3 i el servei ofert per KAME FILMS (fonamentalment, Google Analytics), aix\u00ed com gestionar els espais publicitaris inclosos a la p\u00e0gina web visitada per lusuari. Recull dades de manera an\u00f2nima amb la finalitat d&#8217;obtenir perfils de navegaci\u00f3 dels usuaris.<\/p><p><b>Classificades segons la durada:<\/b><\/p><p>Cookies de sessi\u00f3: recullen i emmagatzemen les dades mentre l&#8217;usuari accedeix a la p\u00e0gina web.<br \/>Cookies persistents: recullen i emmagatzemen les dades al terminal de l&#8217;usuari durant un per\u00edode de temps variable en funci\u00f3 de quina sigui la finalitat per a la qual han estat utilitzades.<\/p><p>El temps de conservaci\u00f3 de les cookies dependr\u00e0 del tipus de qu\u00e8 es tracti i sempre ser\u00e0 el m\u00ednim indispensable per complir amb la seva finalitat.<\/p><p>En qualsevol cas, els usuaris poden configurar el navegador de manera que es desactivi o bloquegi la recepci\u00f3 de totes o d&#8217;algunes de les galetes. No desitjar rebre aquestes cookies no constitueix un impediment per poder accedir a la informaci\u00f3 de les p\u00e0gines web de KAME FILMS encara que l&#8217;\u00fas d&#8217;alguns serveis podr\u00e0 ser limitat. Si un cop atorgat el consentiment per a la recepci\u00f3 de galetes es vol retirar-lo, s&#8217;hauran d&#8217;eliminar les galetes emmagatzemades a l&#8217;equip de l&#8217;usuari, a trav\u00e9s de les opcions dels diferents navegadors.<\/p><p>La manera de configurar els diferents navegadors per dur a terme les accions indicades als par\u00e0grafs anteriors es pot consultar a:<\/p><p>Explorer: https:\/\/support.microsoft.com\/es-es\/help\/17479\/windows-internet-explorer-11-change-security-privacy-settings<br \/>Chrome: https:\/\/support.google.com\/chrome\/answer\/95647?hl=ca<br \/>Firefox: http:\/\/support.mozilla.org\/es\/kb\/cookies-informacion-que-los-sitios-web-guardan-en-?redirectlocale=en-US&amp;redirectslug=Cookies<br \/>Safari: https:\/\/support.apple.com\/kb\/ph21411?locale=ca_ES<\/p><ul><li>\u00a0<\/li><\/ul>\t\t\t\t\t\t\t\t<\/div>\n\t\t\t\t<\/div>\n\t\t\t\t\t<\/div>\n\t\t\t\t<\/div>\n\t\t\t\t<\/div>\n\t\t","protected":false},"excerpt":{"rendered":"<p>KAME FILMS a trav\u00e9s del present document, informa de la seva pol\u00edtica de recollida i tractament de cookies, en compliment del que disposa l&#8217;article 22.2 de la Llei 34\/2002, d&#8217;11 de juliol, de serveis de la societat de la informaci\u00f3 i de Comer\u00e7 Electr\u00f2nic (LSSI-CE). Les cookies s&#8217;emmagatzemen a l&#8217;equip terminal de l&#8217;usuari (ordinador o [&hellip;]<\/p>\n","protected":false},"author":1,"featured_media":0,"parent":0,"menu_order":0,"comment_status":"closed","ping_status":"closed","template":"","meta":{"iawp_total_views":2,"footnotes":""},"class_list":["post-2129","page","type-page","status-publish","hentry"],"_links":{"self":[{"href":"https:\/\/kamefilms.com\/ca\/wp-json\/wp\/v2\/pages\/2129","targetHints":{"allow":["GET"]}}],"collection":[{"href":"https:\/\/kamefilms.com\/ca\/wp-json\/wp\/v2\/pages"}],"about":[{"href":"https:\/\/kamefilms.com\/ca\/wp-json\/wp\/v2\/types\/page"}],"author":[{"embeddable":true,"href":"https:\/\/kamefilms.com\/ca\/wp-json\/wp\/v2\/users\/1"}],"replies":[{"embeddable":true,"href":"https:\/\/kamefilms.com\/ca\/wp-json\/wp\/v2\/comments?post=2129"}],"version-history":[{"count":0,"href":"https:\/\/kamefilms.com\/ca\/wp-json\/wp\/v2\/pages\/2129\/revisions"}],"wp:attachment":[{"href":"https:\/\/kamefilms.com\/ca\/wp-json\/wp\/v2\/media?parent=2129"}],"curies":[{"name":"wp","href":"https:\/\/api.w.org\/{rel}","templated":true}]}}